{"id":1730,"date":"2023-01-31T15:07:32","date_gmt":"2023-01-31T14:07:32","guid":{"rendered":"https:\/\/andreabranca.com\/geschichte\/"},"modified":"2024-09-20T16:44:29","modified_gmt":"2024-09-20T14:44:29","slug":"geschichte","status":"publish","type":"page","link":"https:\/\/andreabranca.com\/de\/geschichte\/","title":{"rendered":"Geschichte"},"content":{"rendered":"\t\t<div data-elementor-type=\"wp-page\" data-elementor-id=\"1730\" class=\"elementor elementor-1730 elementor-215\" data-elementor-post-type=\"page\">\n\t\t\t\t\t\t<section class=\"elementor-section elementor-top-section elementor-element elementor-element-0f546da elementor-section-full_width elementor-section-content-middle elementor-section-height-default elementor-section-height-default\" data-id=\"0f546da\" data-element_type=\"section\" data-e-type=\"section\" data-settings=\"{&quot;background_background&quot;:&quot;classic&quot;}\">\n\t\t\t\t\t\t\t<div class=\"elementor-background-overlay\"><\/div>\n\t\t\t\t\t\t\t<div class=\"elementor-container elementor-column-gap-default\">\n\t\t\t\t\t<div class=\"elementor-column elementor-col-100 elementor-top-column elementor-element elementor-element-d537090\" data-id=\"d537090\" data-element_type=\"column\" data-e-type=\"column\">\n\t\t\t<div class=\"elementor-widget-wrap elementor-element-populated\">\n\t\t\t\t\t\t<div class=\"elementor-element elementor-element-b9cfd2c elementor-widget elementor-widget-heading\" data-id=\"b9cfd2c\" data-element_type=\"widget\" data-e-type=\"widget\" data-widget_type=\"heading.default\">\n\t\t\t\t\t<h1 class=\"elementor-heading-title elementor-size-default\">GESCHICHTE<\/h1>\t\t\t\t<\/div>\n\t\t\t\t\t<\/div>\n\t\t<\/div>\n\t\t\t\t\t<\/div>\n\t\t<\/section>\n\t\t\t\t<section class=\"elementor-section elementor-top-section elementor-element elementor-element-1903eaa4 elementor-section-content-middle elementor-section-boxed elementor-section-height-default elementor-section-height-default\" data-id=\"1903eaa4\" data-element_type=\"section\" data-e-type=\"section\" data-settings=\"{&quot;background_background&quot;:&quot;classic&quot;}\">\n\t\t\t\t\t\t<div class=\"elementor-container elementor-column-gap-default\">\n\t\t\t\t\t<div class=\"elementor-column elementor-col-50 elementor-top-column elementor-element elementor-element-24438915\" data-id=\"24438915\" data-element_type=\"column\" data-e-type=\"column\">\n\t\t\t<div class=\"elementor-widget-wrap elementor-element-populated\">\n\t\t\t\t\t\t<div class=\"elementor-element elementor-element-3eda0b4b elementor-widget elementor-widget-image\" data-id=\"3eda0b4b\" data-element_type=\"widget\" data-e-type=\"widget\" data-widget_type=\"image.default\">\n\t\t\t\t\t\t\t\t\t\t\t\t\t\t\t<img fetchpriority=\"high\" decoding=\"async\" width=\"800\" height=\"800\" src=\"https:\/\/andreabranca.com\/wp-content\/uploads\/sites\/76\/2024\/08\/Sede-1024x1024.jpg\" class=\"attachment-large size-large wp-image-1626\" alt=\"\" srcset=\"https:\/\/andreabranca.com\/wp-content\/uploads\/sites\/76\/2024\/08\/Sede-1024x1024.jpg 1024w, https:\/\/andreabranca.com\/wp-content\/uploads\/sites\/76\/2024\/08\/Sede-300x300.jpg 300w, https:\/\/andreabranca.com\/wp-content\/uploads\/sites\/76\/2024\/08\/Sede-150x150.jpg 150w, https:\/\/andreabranca.com\/wp-content\/uploads\/sites\/76\/2024\/08\/Sede-768x768.jpg 768w, https:\/\/andreabranca.com\/wp-content\/uploads\/sites\/76\/2024\/08\/Sede.jpg 1080w\" sizes=\"(max-width: 800px) 100vw, 800px\" \/>\t\t\t\t\t\t\t\t\t\t\t\t\t\t\t<\/div>\n\t\t\t\t\t<\/div>\n\t\t<\/div>\n\t\t\t\t<div class=\"elementor-column elementor-col-50 elementor-top-column elementor-element elementor-element-cbd635e\" data-id=\"cbd635e\" data-element_type=\"column\" data-e-type=\"column\">\n\t\t\t<div class=\"elementor-widget-wrap elementor-element-populated\">\n\t\t\t\t\t\t<div class=\"elementor-element elementor-element-1b64fe40 elementor-widget elementor-widget-heading\" data-id=\"1b64fe40\" data-element_type=\"widget\" data-e-type=\"widget\" data-widget_type=\"heading.default\">\n\t\t\t\t\t<h3 class=\"elementor-heading-title elementor-size-default\">Geschichte<\/h3>\t\t\t\t<\/div>\n\t\t\t\t<div class=\"elementor-element elementor-element-23134ada elementor-widget elementor-widget-text-editor\" data-id=\"23134ada\" data-element_type=\"widget\" data-e-type=\"widget\" data-widget_type=\"text-editor.default\">\n\t\t\t\t\t\t\t\t\t<p>Geboren 1971.<br \/>\nStudium an der Interkantonalen Hochschule in Rapperswil (SG), Abteilung Landschaftsarchitektur.<br \/>\n<br \/>Zeitweilige Mitarbeit im Landschaftsarchitekturb\u00fcro Weber, Klein und Maas (WKM) in D\u00fcsseldorf und im Amt f\u00fcr Naturschutz Kanton Tessin. Seit 1998 Landschaftsarchitekturb\u00fcro in Minusio.<br \/>\nZeitweilige Zusammenarbeit mit Architekten und Ingenieuren f\u00fcr Projekte und Wettbewerbe.   <\/p>\n\t\t\t\t\t\t\t\t<\/div>\n\t\t\t\t\t<\/div>\n\t\t<\/div>\n\t\t\t\t\t<\/div>\n\t\t<\/section>\n\t\t\t\t<section class=\"elementor-section elementor-top-section elementor-element elementor-element-d594b30 elementor-section-boxed elementor-section-height-default elementor-section-height-default\" data-id=\"d594b30\" data-element_type=\"section\" data-e-type=\"section\">\n\t\t\t\t\t\t<div class=\"elementor-container elementor-column-gap-default\">\n\t\t\t\t\t<div class=\"elementor-column elementor-col-100 elementor-top-column elementor-element elementor-element-f134ae7\" data-id=\"f134ae7\" data-element_type=\"column\" data-e-type=\"column\">\n\t\t\t<div class=\"elementor-widget-wrap elementor-element-populated\">\n\t\t\t\t\t\t<div class=\"elementor-element elementor-element-015ca6c elementor-widget elementor-widget-text-editor\" data-id=\"015ca6c\" data-element_type=\"widget\" data-e-type=\"widget\" data-widget_type=\"text-editor.default\">\n\t\t\t\t\t\t\t\t\t<p>Lorem ipsum dolor sit amet, consectetur adipiscing elit. Ut elit tellus, luctus nec ullamcorper mattis, pulvinar dapibus leo.<\/p>\t\t\t\t\t\t\t\t<\/div>\n\t\t\t\t\t<\/div>\n\t\t<\/div>\n\t\t\t\t\t<\/div>\n\t\t<\/section>\n\t\t\t\t<section class=\"elementor-section elementor-top-section elementor-element elementor-element-a2ad07c elementor-section-boxed elementor-section-height-default elementor-section-height-default\" data-id=\"a2ad07c\" data-element_type=\"section\" data-e-type=\"section\">\n\t\t\t\t\t\t<div class=\"elementor-container elementor-column-gap-default\">\n\t\t\t\t\t<div class=\"elementor-column elementor-col-100 elementor-top-column elementor-element elementor-element-0dd36c1\" data-id=\"0dd36c1\" data-element_type=\"column\" data-e-type=\"column\">\n\t\t\t<div class=\"elementor-widget-wrap elementor-element-populated\">\n\t\t\t\t\t\t<div class=\"elementor-element elementor-element-49fd806 elementor-widget__width-initial elementor-widget elementor-widget-heading\" data-id=\"49fd806\" data-element_type=\"widget\" data-e-type=\"widget\" data-widget_type=\"heading.default\">\n\t\t\t\t\t<span class=\"elementor-heading-title elementor-size-default\">Nach langj\u00e4hriger Erfahrung in diesem Bereich gr\u00fcndete der Gesch\u00e4ftsf\u00fchrer 1998 sein Unternehmen, um seine unternehmerische Idee zu verwirklichen. Er begann in v\u00f6lliger Autonomie und baute sein Team aus, das heute aus 3 Mitarbeitern besteht, die ihre Zeit zwischen dem administrativen und dem technischen Bereich aufteilen, dank der st\u00e4ndigen Nachfrage nach Interventionen.\nDie Auftr\u00e4ge f\u00fcr die eigenen Mitarbeiter kommen aus dem ganzen Kanton Tessin, und die Fachleute bieten auch einige Beratungsdienste im Ausland an.   <\/span>\t\t\t\t<\/div>\n\t\t\t\t<div class=\"elementor-element elementor-element-949c5aa elementor-widget__width-initial elementor-widget elementor-widget-heading\" data-id=\"949c5aa\" data-element_type=\"widget\" data-e-type=\"widget\" data-widget_type=\"heading.default\">\n\t\t\t\t\t<span class=\"elementor-heading-title elementor-size-default\"><br>Die gro\u00dfe Besonderheit des STUDIO D'ARCHITETTURA DEL PAESAGGIO liegt in seinem Personal: Die 3 Techniker sind n\u00e4mlich weder Architekten noch G\u00e4rtner, sondern Landschaftsarchitekten, also ein interessanter und eigenartiger Mittelweg.\nIhre Hauptaufgabe besteht n\u00e4mlich in der Gestaltung und Begr\u00fcnung des gesamten Au\u00dfenbereichs eines Geb\u00e4udes, einer Wohnung oder eines Bauwerks.\nDer Landschaftsarchitekt ist n\u00e4mlich der Spezialist f\u00fcr alles, worum sich der Architekt nicht k\u00fcmmert (oder nicht k\u00fcmmern sollte): Er ist insbesondere nur f\u00fcr die Gestaltung der Au\u00dfenseite eines Geb\u00e4udes ausgebildet, von der T\u00fcr bis zur Grundst\u00fccksgrenze, d.h. f\u00fcr alles, was den Au\u00dfenbereich betrifft, wie G\u00e4rten, Auffahrten, Treppen und Mauern.  <\/span>\t\t\t\t<\/div>\n\t\t\t\t<div class=\"elementor-element elementor-element-4150e2d elementor-widget__width-initial elementor-widget elementor-widget-heading\" data-id=\"4150e2d\" data-element_type=\"widget\" data-e-type=\"widget\" data-widget_type=\"heading.default\">\n\t\t\t\t\t<span class=\"elementor-heading-title elementor-size-default\"><br>Die Baumaterialien, die vom LANDSCAPE ARCHITECTURE STUDIO ausgew\u00e4hlt werden, sind nicht nur der klassische Beton, sondern es werden auch Steine verwendet, L\u00f6sungen zur Bodenmodellierung, Pflanzen und Blumen realisiert, Au\u00dfenbeleuchtung und Bew\u00e4sserungssysteme installiert sowie der ikonische Gartenroboter.\nAuf diese Weise realisieren die 3 Profis eine erstklassige Landschaftsgestaltung mit innovativen und avantgardistischen Ideen: Ab einem gewissen Qualit\u00e4tsstandard z\u00e4hlt heute nicht nur die Struktur des Geb\u00e4udes, sondern auch die gesamte Au\u00dfenanlage, die mit dem Haus selbst verschmilzt und die gleiche hohe Designlinie erreichen muss. <\/span>\t\t\t\t<\/div>\n\t\t\t\t\t<\/div>\n\t\t<\/div>\n\t\t\t\t\t<\/div>\n\t\t<\/section>\n\t\t\t\t<section class=\"elementor-section elementor-top-section elementor-element elementor-element-918ec99 elementor-section-boxed elementor-section-height-default elementor-section-height-default\" data-id=\"918ec99\" data-element_type=\"section\" data-e-type=\"section\">\n\t\t\t\t\t\t<div class=\"elementor-container elementor-column-gap-default\">\n\t\t\t\t\t<div class=\"elementor-column elementor-col-100 elementor-top-column elementor-element elementor-element-79132c4\" data-id=\"79132c4\" data-element_type=\"column\" data-e-type=\"column\">\n\t\t\t<div class=\"elementor-widget-wrap elementor-element-populated\">\n\t\t\t\t\t\t<div class=\"elementor-element elementor-element-eb1a7ef elementor-widget elementor-widget-heading\" data-id=\"eb1a7ef\" data-element_type=\"widget\" data-e-type=\"widget\" data-widget_type=\"heading.default\">\n\t\t\t\t\t<span class=\"elementor-heading-title elementor-size-default\">Bei STUDIO D'ARCHITETTURA DEL PAESAGGIO k\u00fcmmern sie sich um alles rundherum: Sie beginnen also mit der ersten Beratung mit dem Kunden, die gr\u00fcne Seite wird entworfen und zu Papier gebracht.\nSie k\u00fcmmern sich jedoch nicht um die tats\u00e4chliche Umsetzung von allem, da sie keine eigene Betriebsgesellschaft haben, sondern h\u00f6ren mit der Lieferung des gesamten Arbeitsplans auf.\nAlles wird mit gr\u00f6\u00dfter Aufmerksamkeit f\u00fcr \u00f6kologische Nachhaltigkeit, Wassereinsparung und Kostenoptimierung f\u00fcr den Kunden umgesetzt, um eine st\u00e4ndige Wartung im Laufe der Zeit zu vermeiden.  <\/span>\t\t\t\t<\/div>\n\t\t\t\t<div class=\"elementor-element elementor-element-4ec70e3 elementor-widget elementor-widget-heading\" data-id=\"4ec70e3\" data-element_type=\"widget\" data-e-type=\"widget\" data-widget_type=\"heading.default\">\n\t\t\t\t\t<span class=\"elementor-heading-title elementor-size-default\">Die Kundschaft des STUDIO D'ARCHITETTURA DEL PAESAGGIO reicht von Privatpersonen, die ein Haus von gewisser Wichtigkeit besitzen, \u00fcber Restaurants, Bars, Clubs und Beherbergungsbetriebe bis hin zu Anfragen des Kantons und der Gemeinden f\u00fcr all jene Gr\u00fcnfl\u00e4chen, die von jemandem spezieller gestaltet werden m\u00fcssen, f\u00fcr \u00f6ffentliche G\u00e4rten, Spielpl\u00e4tze, Alleen am Stra\u00dfenrand oder f\u00fcr Gutachten, um gro\u00dfe Arbeiten einzuf\u00fcgen oder bestimmte Eingriffe in die Landschaft zu verbergen.\nKurzum, was auch immer Sie f\u00fcr die Versch\u00f6nerung einer Freifl\u00e4che ben\u00f6tigen, die Mitarbeiter der Firma sind der perfekte Partner. <\/span>\t\t\t\t<\/div>\n\t\t\t\t\t<\/div>\n\t\t<\/div>\n\t\t\t\t\t<\/div>\n\t\t<\/section>\n\t\t\t\t<\/div>\n\t\t","protected":false},"excerpt":{"rendered":"<p>GESCHICHTE Geschichte Geboren 1971. Studium an der Interkantonalen Hochschule in Rapperswil (SG), Abteilung Landschaftsarchitektur. Zeitweilige Mitarbeit im Landschaftsarchitekturb\u00fcro Weber, Klein und Maas (WKM) in D\u00fcsseldorf und im Amt f\u00fcr Naturschutz Kanton Tessin. Seit 1998 Landschaftsarchitekturb\u00fcro in Minusio. Zeitweilige Zusammenarbeit mit Architekten und Ingenieuren f\u00fcr Projekte und Wettbewerbe. Lorem ipsum dolor sit amet, consectetur adipiscing elit. [&hellip;]<\/p>\n","protected":false},"author":3310,"featured_media":0,"parent":0,"menu_order":0,"comment_status":"closed","ping_status":"open","template":"elementor_header_footer","meta":{"_acf_changed":false,"_seopress_robots_primary_cat":"","_seopress_titles_title":"","_seopress_titles_desc":"","_seopress_robots_index":"","footnotes":""},"class_list":["post-1730","page","type-page","status-publish","hentry"],"acf":[],"_links":{"self":[{"href":"https:\/\/andreabranca.com\/de\/wp-json\/wp\/v2\/pages\/1730","targetHints":{"allow":["GET"]}}],"collection":[{"href":"https:\/\/andreabranca.com\/de\/wp-json\/wp\/v2\/pages"}],"about":[{"href":"https:\/\/andreabranca.com\/de\/wp-json\/wp\/v2\/types\/page"}],"author":[{"embeddable":true,"href":"https:\/\/andreabranca.com\/de\/wp-json\/wp\/v2\/users\/3310"}],"replies":[{"embeddable":true,"href":"https:\/\/andreabranca.com\/de\/wp-json\/wp\/v2\/comments?post=1730"}],"version-history":[{"count":0,"href":"https:\/\/andreabranca.com\/de\/wp-json\/wp\/v2\/pages\/1730\/revisions"}],"wp:attachment":[{"href":"https:\/\/andreabranca.com\/de\/wp-json\/wp\/v2\/media?parent=1730"}],"curies":[{"name":"wp","href":"https:\/\/api.w.org\/{rel}","templated":true}]}}