{"id":1719,"date":"2023-01-31T10:59:46","date_gmt":"2023-01-31T09:59:46","guid":{"rendered":"https:\/\/andreabranca.com\/projekte\/"},"modified":"2024-09-20T16:44:26","modified_gmt":"2024-09-20T14:44:26","slug":"projekte","status":"publish","type":"page","link":"https:\/\/andreabranca.com\/de\/projekte\/","title":{"rendered":"Projekte"},"content":{"rendered":"\t\t<div data-elementor-type=\"wp-page\" data-elementor-id=\"1719\" class=\"elementor elementor-1719 elementor-114\" data-elementor-post-type=\"page\">\n\t\t\t\t\t\t<section class=\"elementor-section elementor-top-section elementor-element elementor-element-8b753a0 elementor-section-full_width elementor-section-content-middle elementor-section-height-default elementor-section-height-default\" data-id=\"8b753a0\" data-element_type=\"section\" data-e-type=\"section\" data-settings=\"{&quot;background_background&quot;:&quot;classic&quot;}\">\n\t\t\t\t\t\t\t<div class=\"elementor-background-overlay\"><\/div>\n\t\t\t\t\t\t\t<div class=\"elementor-container elementor-column-gap-default\">\n\t\t\t\t\t<div class=\"elementor-column elementor-col-100 elementor-top-column elementor-element elementor-element-9b4d3e8\" data-id=\"9b4d3e8\" data-element_type=\"column\" data-e-type=\"column\">\n\t\t\t<div class=\"elementor-widget-wrap elementor-element-populated\">\n\t\t\t\t\t\t<div class=\"elementor-element elementor-element-0f00664 elementor-widget elementor-widget-heading\" data-id=\"0f00664\" data-element_type=\"widget\" data-e-type=\"widget\" data-widget_type=\"heading.default\">\n\t\t\t\t\t<h1 class=\"elementor-heading-title elementor-size-default\">PROJEKTE<\/h1>\t\t\t\t<\/div>\n\t\t\t\t\t<\/div>\n\t\t<\/div>\n\t\t\t\t\t<\/div>\n\t\t<\/section>\n\t\t<div class=\"elementor-element elementor-element-c221c86 e-flex e-con-boxed e-con e-parent\" data-id=\"c221c86\" data-element_type=\"container\" data-e-type=\"container\">\n\t\t\t\t\t<div class=\"e-con-inner\">\n\t\t<div class=\"elementor-element elementor-element-251045c e-con-full e-flex e-con e-child\" data-id=\"251045c\" data-element_type=\"container\" data-e-type=\"container\">\n\t\t<div class=\"elementor-element elementor-element-4f95c64 e-con-full e-flex e-con e-child\" data-id=\"4f95c64\" data-element_type=\"container\" data-e-type=\"container\">\n\t\t<div class=\"elementor-element elementor-element-dac0c16 e-con-full e-flex e-con e-child\" data-id=\"dac0c16\" data-element_type=\"container\" data-e-type=\"container\">\n\t\t\t\t<div class=\"elementor-element elementor-element-200f7a8 elementor-position-top elementor-widget elementor-widget-image-box\" data-id=\"200f7a8\" data-element_type=\"widget\" data-e-type=\"widget\" data-widget_type=\"image-box.default\">\n\t\t\t\t\t<div class=\"elementor-image-box-wrapper\"><figure class=\"elementor-image-box-img\"><a href=\"https:\/\/andreabranca.com\/progetti\/architettura-dei-giardini\/\" tabindex=\"-1\"><img fetchpriority=\"high\" decoding=\"async\" width=\"1080\" height=\"1080\" src=\"https:\/\/andreabranca.com\/wp-content\/uploads\/sites\/76\/2024\/05\/1-2.jpg\" class=\"attachment-full size-full wp-image-1137\" alt=\"\" srcset=\"https:\/\/andreabranca.com\/wp-content\/uploads\/sites\/76\/2024\/05\/1-2.jpg 1080w, https:\/\/andreabranca.com\/wp-content\/uploads\/sites\/76\/2024\/05\/1-2-300x300.jpg 300w, https:\/\/andreabranca.com\/wp-content\/uploads\/sites\/76\/2024\/05\/1-2-1024x1024.jpg 1024w, https:\/\/andreabranca.com\/wp-content\/uploads\/sites\/76\/2024\/05\/1-2-150x150.jpg 150w, https:\/\/andreabranca.com\/wp-content\/uploads\/sites\/76\/2024\/05\/1-2-768x768.jpg 768w\" sizes=\"(max-width: 1080px) 100vw, 1080px\" \/><\/a><\/figure><div class=\"elementor-image-box-content\"><h3 class=\"elementor-image-box-title\"><a href=\"https:\/\/andreabranca.com\/progetti\/architettura-dei-giardini\/\">Au\u00dfenanlagen, private G\u00e4rten<\/a><\/h3><\/div><\/div>\t\t\t\t<\/div>\n\t\t\t\t<\/div>\n\t\t<div class=\"elementor-element elementor-element-fe195a1 e-con-full e-flex e-con e-child\" data-id=\"fe195a1\" data-element_type=\"container\" data-e-type=\"container\">\n\t\t\t\t<div class=\"elementor-element elementor-element-0281e7d elementor-widget-tablet__width-initial elementor-position-top elementor-widget elementor-widget-image-box\" data-id=\"0281e7d\" data-element_type=\"widget\" data-e-type=\"widget\" data-widget_type=\"image-box.default\">\n\t\t\t\t\t<div class=\"elementor-image-box-wrapper\"><figure class=\"elementor-image-box-img\"><a href=\"https:\/\/andreabranca.com\/progetti\/aree-pubbliche\/\" tabindex=\"-1\"><img decoding=\"async\" width=\"1080\" height=\"1080\" src=\"https:\/\/andreabranca.com\/wp-content\/uploads\/sites\/76\/2024\/08\/Muralti-ISTA-quadrate-1080x1080-2.jpg\" class=\"attachment-full size-full wp-image-1128\" alt=\"\" srcset=\"https:\/\/andreabranca.com\/wp-content\/uploads\/sites\/76\/2024\/08\/Muralti-ISTA-quadrate-1080x1080-2.jpg 1080w, https:\/\/andreabranca.com\/wp-content\/uploads\/sites\/76\/2024\/08\/Muralti-ISTA-quadrate-1080x1080-2-300x300.jpg 300w, https:\/\/andreabranca.com\/wp-content\/uploads\/sites\/76\/2024\/08\/Muralti-ISTA-quadrate-1080x1080-2-1024x1024.jpg 1024w, https:\/\/andreabranca.com\/wp-content\/uploads\/sites\/76\/2024\/08\/Muralti-ISTA-quadrate-1080x1080-2-150x150.jpg 150w, https:\/\/andreabranca.com\/wp-content\/uploads\/sites\/76\/2024\/08\/Muralti-ISTA-quadrate-1080x1080-2-768x768.jpg 768w\" sizes=\"(max-width: 1080px) 100vw, 1080px\" \/><\/a><\/figure><div class=\"elementor-image-box-content\"><h3 class=\"elementor-image-box-title\"><a href=\"https:\/\/andreabranca.com\/progetti\/aree-pubbliche\/\">\u00d6ffentliche Bereiche<\/a><\/h3><\/div><\/div>\t\t\t\t<\/div>\n\t\t\t\t<\/div>\n\t\t<div class=\"elementor-element elementor-element-0ff16ab e-con-full e-flex e-con e-child\" data-id=\"0ff16ab\" data-element_type=\"container\" data-e-type=\"container\">\n\t\t\t\t<div class=\"elementor-element elementor-element-9913a6a elementor-position-top elementor-widget elementor-widget-image-box\" data-id=\"9913a6a\" data-element_type=\"widget\" data-e-type=\"widget\" data-widget_type=\"image-box.default\">\n\t\t\t\t\t<div class=\"elementor-image-box-wrapper\"><figure class=\"elementor-image-box-img\"><a href=\"https:\/\/andreabranca.com\/pubblicazioni-e-corsi\/\" tabindex=\"-1\"><img decoding=\"async\" width=\"1080\" height=\"1080\" src=\"https:\/\/andreabranca.com\/wp-content\/uploads\/sites\/76\/2024\/08\/articolo-1.jpg\" class=\"attachment-full size-full wp-image-867\" alt=\"\" srcset=\"https:\/\/andreabranca.com\/wp-content\/uploads\/sites\/76\/2024\/08\/articolo-1.jpg 1080w, https:\/\/andreabranca.com\/wp-content\/uploads\/sites\/76\/2024\/08\/articolo-1-300x300.jpg 300w, https:\/\/andreabranca.com\/wp-content\/uploads\/sites\/76\/2024\/08\/articolo-1-1024x1024.jpg 1024w, https:\/\/andreabranca.com\/wp-content\/uploads\/sites\/76\/2024\/08\/articolo-1-150x150.jpg 150w, https:\/\/andreabranca.com\/wp-content\/uploads\/sites\/76\/2024\/08\/articolo-1-768x768.jpg 768w\" sizes=\"(max-width: 1080px) 100vw, 1080px\" \/><\/a><\/figure><div class=\"elementor-image-box-content\"><h3 class=\"elementor-image-box-title\"><a href=\"https:\/\/andreabranca.com\/pubblicazioni-e-corsi\/\">Ver\u00f6ffentlichungen und Kurse<\/a><\/h3><\/div><\/div>\t\t\t\t<\/div>\n\t\t\t\t<\/div>\n\t\t\t\t<\/div>\n\t\t\t\t<\/div>\n\t\t\t\t\t<\/div>\n\t\t\t\t<\/div>\n\t\t<div class=\"elementor-element elementor-element-f1a6556 e-flex e-con-boxed e-con e-parent\" data-id=\"f1a6556\" data-element_type=\"container\" data-e-type=\"container\">\n\t\t\t\t\t<div class=\"e-con-inner\">\n\t\t<div class=\"elementor-element elementor-element-6b13394 e-con-full e-flex e-con e-child\" data-id=\"6b13394\" data-element_type=\"container\" data-e-type=\"container\">\n\t\t\t\t<div class=\"elementor-element elementor-element-c15a1c9 elementor-widget elementor-widget-heading\" data-id=\"c15a1c9\" data-element_type=\"widget\" data-e-type=\"widget\" data-widget_type=\"heading.default\">\n\t\t\t\t\t<h2 class=\"elementor-heading-title elementor-size-default\">ausgew\u00e4hlte Projekte<\/h2>\t\t\t\t<\/div>\n\t\t\t\t<div class=\"elementor-element elementor-element-3571952 elementor-grid-4 elementor-posts--align-center elementor-grid-tablet-2 elementor-grid-mobile-1 elementor-posts--thumbnail-top elementor-card-shadow-yes elementor-posts__hover-gradient load-more-align-center elementor-widget elementor-widget-posts\" data-id=\"3571952\" data-element_type=\"widget\" data-e-type=\"widget\" data-settings=\"{&quot;cards_columns&quot;:&quot;4&quot;,&quot;pagination_type&quot;:&quot;load_more_on_click&quot;,&quot;cards_row_gap&quot;:{&quot;unit&quot;:&quot;px&quot;,&quot;size&quot;:&quot;47&quot;,&quot;sizes&quot;:[]},&quot;cards_columns_tablet&quot;:&quot;2&quot;,&quot;cards_columns_mobile&quot;:&quot;1&quot;,&quot;cards_row_gap_tablet&quot;:{&quot;unit&quot;:&quot;px&quot;,&quot;size&quot;:&quot;&quot;,&quot;sizes&quot;:[]},&quot;cards_row_gap_mobile&quot;:{&quot;unit&quot;:&quot;px&quot;,&quot;size&quot;:&quot;&quot;,&quot;sizes&quot;:[]},&quot;load_more_spinner&quot;:{&quot;value&quot;:&quot;fas fa-spinner&quot;,&quot;library&quot;:&quot;fa-solid&quot;}}\" data-widget_type=\"posts.cards\">\n\t\t\t\t<div class=\"elementor-widget-container\">\n\t\t\t\t\t\t\t<div class=\"elementor-posts-container elementor-posts elementor-posts--skin-cards elementor-grid\" role=\"list\">\n\t\t\t\t<article class=\"elementor-post elementor-grid-item post-1895 progetti-branca type-progetti-branca status-publish has-post-thumbnail hentry categorie_progetti-aree-pubbliche categorie_progetti-sistemazione-esterne\" role=\"listitem\">\n\t\t\t<div class=\"elementor-post__card\">\n\t\t\t\t<a class=\"elementor-post__thumbnail__link\" href=\"https:\/\/andreabranca.com\/de\/progetti-branca\/1895\/\" tabindex=\"-1\" ><div class=\"elementor-post__thumbnail\"><img loading=\"lazy\" decoding=\"async\" width=\"1080\" height=\"1080\" src=\"https:\/\/andreabranca.com\/wp-content\/uploads\/sites\/76\/2025\/03\/2-2.jpg\" class=\"attachment-full size-full wp-image-1908\" alt=\"\" srcset=\"https:\/\/andreabranca.com\/wp-content\/uploads\/sites\/76\/2025\/03\/2-2.jpg 1080w, https:\/\/andreabranca.com\/wp-content\/uploads\/sites\/76\/2025\/03\/2-2-300x300.jpg 300w, https:\/\/andreabranca.com\/wp-content\/uploads\/sites\/76\/2025\/03\/2-2-1024x1024.jpg 1024w, https:\/\/andreabranca.com\/wp-content\/uploads\/sites\/76\/2025\/03\/2-2-150x150.jpg 150w, https:\/\/andreabranca.com\/wp-content\/uploads\/sites\/76\/2025\/03\/2-2-768x768.jpg 768w\" sizes=\"(max-width: 1080px) 100vw, 1080px\" \/><\/div><\/a>\n\t\t\t\t<div class=\"elementor-post__badge\">Aree pubbliche<\/div>\n\t\t\t\t<div class=\"elementor-post__text\">\n\t\t\t\t<h2 class=\"elementor-post__title\">\n\t\t\t<a href=\"https:\/\/andreabranca.com\/de\/progetti-branca\/1895\/\" >\n\t\t\t\tGrand Hotel Locarno\t\t\t<\/a>\n\t\t<\/h2>\n\t\t\t\t<div class=\"elementor-post__excerpt\">\n\t\t\t<p>Primo hotel storico realizzato in Svizzera al sud delle Alpi nel 1881, caratterizzato da ampio parco originariamente di tipo paesistico soprattutto verso il lato sud,<\/p>\n\t\t<\/div>\n\t\t\n\t\t<a class=\"elementor-post__read-more\" href=\"https:\/\/andreabranca.com\/de\/progetti-branca\/1895\/\" aria-label=\"Mehr \u00fcber Grand Hotel Locarno\" tabindex=\"-1\" >\n\t\t\tMehr lesen \"\t\t<\/a>\n\n\t\t\t\t<\/div>\n\t\t\t\t\t<\/div>\n\t\t<\/article>\n\t\t\t\t<article class=\"elementor-post elementor-grid-item post-1843 progetti-branca type-progetti-branca status-publish has-post-thumbnail hentry categorie_progetti-aree-pubbliche\" role=\"listitem\">\n\t\t\t<div class=\"elementor-post__card\">\n\t\t\t\t<a class=\"elementor-post__thumbnail__link\" href=\"https:\/\/andreabranca.com\/de\/progetti-branca\/1843\/\" tabindex=\"-1\" ><div class=\"elementor-post__thumbnail\"><img loading=\"lazy\" decoding=\"async\" width=\"1080\" height=\"1080\" src=\"https:\/\/andreabranca.com\/wp-content\/uploads\/sites\/76\/2024\/10\/1-3.jpg\" class=\"attachment-full size-full wp-image-1844\" alt=\"\" srcset=\"https:\/\/andreabranca.com\/wp-content\/uploads\/sites\/76\/2024\/10\/1-3.jpg 1080w, https:\/\/andreabranca.com\/wp-content\/uploads\/sites\/76\/2024\/10\/1-3-300x300.jpg 300w, https:\/\/andreabranca.com\/wp-content\/uploads\/sites\/76\/2024\/10\/1-3-1024x1024.jpg 1024w, https:\/\/andreabranca.com\/wp-content\/uploads\/sites\/76\/2024\/10\/1-3-150x150.jpg 150w, https:\/\/andreabranca.com\/wp-content\/uploads\/sites\/76\/2024\/10\/1-3-768x768.jpg 768w\" sizes=\"(max-width: 1080px) 100vw, 1080px\" \/><\/div><\/a>\n\t\t\t\t<div class=\"elementor-post__badge\">Aree pubbliche<\/div>\n\t\t\t\t<div class=\"elementor-post__text\">\n\t\t\t\t<h2 class=\"elementor-post__title\">\n\t\t\t<a href=\"https:\/\/andreabranca.com\/de\/progetti-branca\/1843\/\" >\n\t\t\t\tResidenza per anziani &#8218;San Clemente&#8216; &#8211; Ascona\t\t\t<\/a>\n\t\t<\/h2>\n\t\t\t\t<div class=\"elementor-post__excerpt\">\n\t\t\t<p>Progetto e direzione lavori opere di sistemazione a verde dell\u2019ampio ed attraente cortile interno della residenza per anziani o diversamente abili che ricorda un giardino<\/p>\n\t\t<\/div>\n\t\t\n\t\t<a class=\"elementor-post__read-more\" href=\"https:\/\/andreabranca.com\/de\/progetti-branca\/1843\/\" aria-label=\"Mehr \u00fcber Residenza per anziani &#8218;San Clemente&#8216; &#8211; Ascona\" tabindex=\"-1\" >\n\t\t\tMehr lesen \"\t\t<\/a>\n\n\t\t\t\t<\/div>\n\t\t\t\t\t<\/div>\n\t\t<\/article>\n\t\t\t\t<article class=\"elementor-post elementor-grid-item post-1822 progetti-branca type-progetti-branca status-publish has-post-thumbnail hentry categorie_progetti-aree-pubbliche\" role=\"listitem\">\n\t\t\t<div class=\"elementor-post__card\">\n\t\t\t\t<a class=\"elementor-post__thumbnail__link\" href=\"https:\/\/andreabranca.com\/de\/progetti-branca\/comune-di-cevio-foroglio-val-bavona\/\" tabindex=\"-1\" ><div class=\"elementor-post__thumbnail\"><img loading=\"lazy\" decoding=\"async\" width=\"1080\" height=\"1080\" src=\"https:\/\/andreabranca.com\/wp-content\/uploads\/sites\/76\/2024\/10\/5.jpg\" class=\"attachment-full size-full wp-image-1831\" alt=\"\" srcset=\"https:\/\/andreabranca.com\/wp-content\/uploads\/sites\/76\/2024\/10\/5.jpg 1080w, https:\/\/andreabranca.com\/wp-content\/uploads\/sites\/76\/2024\/10\/5-300x300.jpg 300w, https:\/\/andreabranca.com\/wp-content\/uploads\/sites\/76\/2024\/10\/5-1024x1024.jpg 1024w, https:\/\/andreabranca.com\/wp-content\/uploads\/sites\/76\/2024\/10\/5-150x150.jpg 150w, https:\/\/andreabranca.com\/wp-content\/uploads\/sites\/76\/2024\/10\/5-768x768.jpg 768w\" sizes=\"(max-width: 1080px) 100vw, 1080px\" \/><\/div><\/a>\n\t\t\t\t<div class=\"elementor-post__badge\">Aree pubbliche<\/div>\n\t\t\t\t<div class=\"elementor-post__text\">\n\t\t\t\t<h2 class=\"elementor-post__title\">\n\t\t\t<a href=\"https:\/\/andreabranca.com\/de\/progetti-branca\/comune-di-cevio-foroglio-val-bavona\/\" >\n\t\t\t\tComune di Cevio, Foroglio -Val Bavona\t\t\t<\/a>\n\t\t<\/h2>\n\t\t\t\t<div class=\"elementor-post__excerpt\">\n\t\t\t<p>Progetto e direzione lavori del rifacimento e ampliamento dell\u2019area posteggi, solo con materiale lapideo e permeabile (in precedenza 36 posteggi, successivamente 76 posteggi ) oltre<\/p>\n\t\t<\/div>\n\t\t\n\t\t<a class=\"elementor-post__read-more\" href=\"https:\/\/andreabranca.com\/de\/progetti-branca\/comune-di-cevio-foroglio-val-bavona\/\" aria-label=\"Mehr \u00fcber Comune di Cevio, Foroglio -Val Bavona\" tabindex=\"-1\" >\n\t\t\tMehr lesen \"\t\t<\/a>\n\n\t\t\t\t<\/div>\n\t\t\t\t\t<\/div>\n\t\t<\/article>\n\t\t\t\t<article class=\"elementor-post elementor-grid-item post-1814 progetti-branca type-progetti-branca status-publish has-post-thumbnail hentry categorie_progetti-aree-pubbliche\" role=\"listitem\">\n\t\t\t<div class=\"elementor-post__card\">\n\t\t\t\t<a class=\"elementor-post__thumbnail__link\" href=\"https:\/\/andreabranca.com\/de\/progetti-branca\/area-giochi-vescampo-comano\/\" tabindex=\"-1\" ><div class=\"elementor-post__thumbnail\"><img loading=\"lazy\" decoding=\"async\" width=\"1080\" height=\"1080\" src=\"https:\/\/andreabranca.com\/wp-content\/uploads\/sites\/76\/2024\/10\/2.jpg\" class=\"attachment-full size-full wp-image-1815\" alt=\"\" srcset=\"https:\/\/andreabranca.com\/wp-content\/uploads\/sites\/76\/2024\/10\/2.jpg 1080w, https:\/\/andreabranca.com\/wp-content\/uploads\/sites\/76\/2024\/10\/2-300x300.jpg 300w, https:\/\/andreabranca.com\/wp-content\/uploads\/sites\/76\/2024\/10\/2-1024x1024.jpg 1024w, https:\/\/andreabranca.com\/wp-content\/uploads\/sites\/76\/2024\/10\/2-150x150.jpg 150w, https:\/\/andreabranca.com\/wp-content\/uploads\/sites\/76\/2024\/10\/2-768x768.jpg 768w\" sizes=\"(max-width: 1080px) 100vw, 1080px\" \/><\/div><\/a>\n\t\t\t\t<div class=\"elementor-post__badge\">Aree pubbliche<\/div>\n\t\t\t\t<div class=\"elementor-post__text\">\n\t\t\t\t<h2 class=\"elementor-post__title\">\n\t\t\t<a href=\"https:\/\/andreabranca.com\/de\/progetti-branca\/area-giochi-vescampo-comano\/\" >\n\t\t\t\tArea giochi &#8218;Vescampo&#8216; &#8211; Comano\t\t\t<\/a>\n\t\t<\/h2>\n\t\t\t\t<div class=\"elementor-post__excerpt\">\n\t\t\t<p>Messa in sicurezza e valorizzazione con nuovi giochi del parco giochi pubblico centrale \u2018Vescampo\u2019 con giochi ricreativi, \u00a0piazzuole, percorsi a tema e utilizzo delle aree<\/p>\n\t\t<\/div>\n\t\t\n\t\t<a class=\"elementor-post__read-more\" href=\"https:\/\/andreabranca.com\/de\/progetti-branca\/area-giochi-vescampo-comano\/\" aria-label=\"Mehr \u00fcber Area giochi &#8218;Vescampo&#8216; &#8211; Comano\" tabindex=\"-1\" >\n\t\t\tMehr lesen \"\t\t<\/a>\n\n\t\t\t\t<\/div>\n\t\t\t\t\t<\/div>\n\t\t<\/article>\n\t\t\t\t<article class=\"elementor-post elementor-grid-item post-1807 progetti-branca type-progetti-branca status-publish has-post-thumbnail hentry categorie_progetti-giardini-privati categorie_progetti-sistemazione-esterne\" role=\"listitem\">\n\t\t\t<div class=\"elementor-post__card\">\n\t\t\t\t<a class=\"elementor-post__thumbnail__link\" href=\"https:\/\/andreabranca.com\/de\/progetti-branca\/sistemazione-esterna-complesso-residenziale-privato-ida\/\" tabindex=\"-1\" ><div class=\"elementor-post__thumbnail\"><img loading=\"lazy\" decoding=\"async\" width=\"1080\" height=\"1080\" src=\"https:\/\/andreabranca.com\/wp-content\/uploads\/sites\/76\/2024\/10\/Primo-post-DOPO-2.jpg\" class=\"attachment-full size-full wp-image-1796\" alt=\"\" srcset=\"https:\/\/andreabranca.com\/wp-content\/uploads\/sites\/76\/2024\/10\/Primo-post-DOPO-2.jpg 1080w, https:\/\/andreabranca.com\/wp-content\/uploads\/sites\/76\/2024\/10\/Primo-post-DOPO-2-300x300.jpg 300w, https:\/\/andreabranca.com\/wp-content\/uploads\/sites\/76\/2024\/10\/Primo-post-DOPO-2-1024x1024.jpg 1024w, https:\/\/andreabranca.com\/wp-content\/uploads\/sites\/76\/2024\/10\/Primo-post-DOPO-2-150x150.jpg 150w, https:\/\/andreabranca.com\/wp-content\/uploads\/sites\/76\/2024\/10\/Primo-post-DOPO-2-768x768.jpg 768w, https:\/\/andreabranca.com\/wp-content\/uploads\/sites\/76\/2024\/10\/elementor\/thumbs\/Primo-post-DOPO-2-qvqrzxyw5iwojv8jk2bkpiwg52wy6rjj95g56v6x0g.jpg 400w, https:\/\/andreabranca.com\/wp-content\/uploads\/sites\/76\/2024\/10\/elementor\/thumbs\/Primo-post-DOPO-2-qvqrzxyvjligqv5oclvznhh9met4uvxob95k45yazw.jpg 350w, https:\/\/andreabranca.com\/wp-content\/uploads\/sites\/76\/2024\/10\/elementor\/thumbs\/Primo-post-DOPO-2-qvqrzxyvnze3wnz1shz3v3d3q58aq298wfm2qb0100.jpg 360w\" sizes=\"(max-width: 1080px) 100vw, 1080px\" \/><\/div><\/a>\n\t\t\t\t<div class=\"elementor-post__badge\">Giardini Privati<\/div>\n\t\t\t\t<div class=\"elementor-post__text\">\n\t\t\t\t<h2 class=\"elementor-post__title\">\n\t\t\t<a href=\"https:\/\/andreabranca.com\/de\/progetti-branca\/sistemazione-esterna-complesso-residenziale-privato-ida\/\" >\n\t\t\t\tSistemazione esterna complesso residenziale privato &#8218;IDA&#8216;\t\t\t<\/a>\n\t\t<\/h2>\n\t\t\t\t<div class=\"elementor-post__excerpt\">\n\t\t\t<p>Tre residenze confluiscono in un cortile interno con piazzuola caratterizzato da un sughero. Ampie superfici verdi con piantumazioni soprattutto erbacee delimitano le superfici private da<\/p>\n\t\t<\/div>\n\t\t\n\t\t<a class=\"elementor-post__read-more\" href=\"https:\/\/andreabranca.com\/de\/progetti-branca\/sistemazione-esterna-complesso-residenziale-privato-ida\/\" aria-label=\"Mehr \u00fcber Sistemazione esterna complesso residenziale privato &#8218;IDA&#8216;\" tabindex=\"-1\" >\n\t\t\tMehr lesen \"\t\t<\/a>\n\n\t\t\t\t<\/div>\n\t\t\t\t\t<\/div>\n\t\t<\/article>\n\t\t\t\t<article class=\"elementor-post elementor-grid-item post-1050 progetti-branca type-progetti-branca status-publish has-post-thumbnail hentry categorie_progetti-aree-pubbliche\" role=\"listitem\">\n\t\t\t<div class=\"elementor-post__card\">\n\t\t\t\t<a class=\"elementor-post__thumbnail__link\" href=\"https:\/\/andreabranca.com\/de\/progetti-branca\/valorizzazione-sentieri-e-percorsi-pubblici-piazzetta-dei-muralti-muralto\/\" tabindex=\"-1\" ><div class=\"elementor-post__thumbnail\"><img decoding=\"async\" width=\"1080\" height=\"1080\" src=\"https:\/\/andreabranca.com\/wp-content\/uploads\/sites\/76\/2024\/08\/Muralti-ISTA-quadrate-1080x1080-2.jpg\" class=\"attachment-full size-full wp-image-1128\" alt=\"\" srcset=\"https:\/\/andreabranca.com\/wp-content\/uploads\/sites\/76\/2024\/08\/Muralti-ISTA-quadrate-1080x1080-2.jpg 1080w, https:\/\/andreabranca.com\/wp-content\/uploads\/sites\/76\/2024\/08\/Muralti-ISTA-quadrate-1080x1080-2-300x300.jpg 300w, https:\/\/andreabranca.com\/wp-content\/uploads\/sites\/76\/2024\/08\/Muralti-ISTA-quadrate-1080x1080-2-1024x1024.jpg 1024w, https:\/\/andreabranca.com\/wp-content\/uploads\/sites\/76\/2024\/08\/Muralti-ISTA-quadrate-1080x1080-2-150x150.jpg 150w, https:\/\/andreabranca.com\/wp-content\/uploads\/sites\/76\/2024\/08\/Muralti-ISTA-quadrate-1080x1080-2-768x768.jpg 768w\" sizes=\"(max-width: 1080px) 100vw, 1080px\" \/><\/div><\/a>\n\t\t\t\t<div class=\"elementor-post__badge\">Aree pubbliche<\/div>\n\t\t\t\t<div class=\"elementor-post__text\">\n\t\t\t\t<h2 class=\"elementor-post__title\">\n\t\t\t<a href=\"https:\/\/andreabranca.com\/de\/progetti-branca\/valorizzazione-sentieri-e-percorsi-pubblici-piazzetta-dei-muralti-muralto\/\" >\n\t\t\t\tValorizzazione          &#8218;piazzetta dei Muralti&#8216; &#8211;        Muralto\t\t\t<\/a>\n\t\t<\/h2>\n\t\t\t\t<div class=\"elementor-post__excerpt\">\n\t\t\t<p>Progetto e direzione lavori per la valorizzazione del piazzale all\u2019entrata del nucleo storico dei Muralti con relativo arco da area dimessa e poco attraente a<\/p>\n\t\t<\/div>\n\t\t\n\t\t<a class=\"elementor-post__read-more\" href=\"https:\/\/andreabranca.com\/de\/progetti-branca\/valorizzazione-sentieri-e-percorsi-pubblici-piazzetta-dei-muralti-muralto\/\" aria-label=\"Mehr \u00fcber Valorizzazione          &#8218;piazzetta dei Muralti&#8216; &#8211;        Muralto\" tabindex=\"-1\" >\n\t\t\tMehr lesen \"\t\t<\/a>\n\n\t\t\t\t<\/div>\n\t\t\t\t\t<\/div>\n\t\t<\/article>\n\t\t\t\t<\/div>\n\t\t\t\t\t<span class=\"e-load-more-spinner\">\n\t\t\t\t<svg aria-hidden=\"true\" class=\"e-font-icon-svg e-fas-spinner\" viewBox=\"0 0 512 512\" xmlns=\"http:\/\/www.w3.org\/2000\/svg\"><path d=\"M304 48c0 26.51-21.49 48-48 48s-48-21.49-48-48 21.49-48 48-48 48 21.49 48 48zm-48 368c-26.51 0-48 21.49-48 48s21.49 48 48 48 48-21.49 48-48-21.49-48-48-48zm208-208c-26.51 0-48 21.49-48 48s21.49 48 48 48 48-21.49 48-48-21.49-48-48-48zM96 256c0-26.51-21.49-48-48-48S0 229.49 0 256s21.49 48 48 48 48-21.49 48-48zm12.922 99.078c-26.51 0-48 21.49-48 48s21.49 48 48 48 48-21.49 48-48c0-26.509-21.491-48-48-48zm294.156 0c-26.51 0-48 21.49-48 48s21.49 48 48 48 48-21.49 48-48c0-26.509-21.49-48-48-48zM108.922 60.922c-26.51 0-48 21.49-48 48s21.49 48 48 48 48-21.49 48-48-21.491-48-48-48z\"><\/path><\/svg>\t\t\t<\/span>\n\t\t\n\t\t\t\t<div class=\"e-load-more-anchor\" data-page=\"1\" data-max-page=\"2\" data-next-page=\"https:\/\/andreabranca.com\/de\/wp-json\/wp\/v2\/pages\/1719\/page\/2\/\"><\/div>\n\t\t\t\t<div class=\"elementor-button-wrapper\">\n\t\t\t<a class=\"elementor-button elementor-size-sm\" role=\"button\">\n\t\t\t\t\t\t<span class=\"elementor-button-content-wrapper\">\n\t\t\t\t\t\t\t\t\t<span class=\"elementor-button-text\">Mehr hochladen<\/span>\n\t\t\t\t\t<\/span>\n\t\t\t\t\t<\/a>\n\t\t<\/div>\n\t\t\t\t<div class=\"e-load-more-message\"><\/div>\n\t\t\t\t\t\t<\/div>\n\t\t\t\t<\/div>\n\t\t\t\t<\/div>\n\t\t\t\t\t<\/div>\n\t\t\t\t<\/div>\n\t\t\t\t<\/div>\n\t\t","protected":false},"excerpt":{"rendered":"<p>PROJEKTE Au\u00dfenanlagen, private G\u00e4rten \u00d6ffentliche Bereiche Ver\u00f6ffentlichungen und Kurse ausgew\u00e4hlte Projekte<\/p>\n","protected":false},"author":3310,"featured_media":0,"parent":0,"menu_order":0,"comment_status":"closed","ping_status":"open","template":"elementor_header_footer","meta":{"_acf_changed":false,"_seopress_robots_primary_cat":"","_seopress_titles_title":"","_seopress_titles_desc":"","_seopress_robots_index":"","footnotes":""},"class_list":["post-1719","page","type-page","status-publish","hentry"],"acf":[],"_links":{"self":[{"href":"https:\/\/andreabranca.com\/de\/wp-json\/wp\/v2\/pages\/1719","targetHints":{"allow":["GET"]}}],"collection":[{"href":"https:\/\/andreabranca.com\/de\/wp-json\/wp\/v2\/pages"}],"about":[{"href":"https:\/\/andreabranca.com\/de\/wp-json\/wp\/v2\/types\/page"}],"author":[{"embeddable":true,"href":"https:\/\/andreabranca.com\/de\/wp-json\/wp\/v2\/users\/3310"}],"replies":[{"embeddable":true,"href":"https:\/\/andreabranca.com\/de\/wp-json\/wp\/v2\/comments?post=1719"}],"version-history":[{"count":0,"href":"https:\/\/andreabranca.com\/de\/wp-json\/wp\/v2\/pages\/1719\/revisions"}],"wp:attachment":[{"href":"https:\/\/andreabranca.com\/de\/wp-json\/wp\/v2\/media?parent=1719"}],"curies":[{"name":"wp","href":"https:\/\/api.w.org\/{rel}","templated":true}]}}